{"id":2912,"date":"2025-05-06T12:18:06","date_gmt":"2025-05-06T12:18:06","guid":{"rendered":"https:\/\/dailyboutiquekwt.com\/?post_type=product&#038;p=2912"},"modified":"2025-05-25T11:25:44","modified_gmt":"2025-05-25T11:25:44","slug":"hair-dye-color-brush-and-bowl-set-hair-coloring-tools-professional-hair-tinting-tools-set-for-home-diy","status":"publish","type":"product","link":"https:\/\/dailyboutiquekwt.com\/ar\/product\/hair-dye-color-brush-and-bowl-set-hair-coloring-tools-professional-hair-tinting-tools-set-for-home-diy\/","title":{"rendered":"\u0641\u0631\u0634\u0627\u0629 \u062a\u0644\u0648\u064a\u0646 \u0635\u0628\u063a\u0629 \u0627\u0644\u0634\u0639\u0631 \u0648\u0627\u0644\u0648\u0639\u0627\u0621..."},"content":{"rendered":"<h2 class=\"default\">\u0648\u0635\u0641 \u0627\u0644\u0645\u0646\u062a\u062c<\/h2>\n<div id=\"productDescription\" class=\"a-section a-spacing-small\">\n<p><span class=\"a-text-bold\">\u0627\u0644\u0648\u0635\u0641<\/span><\/p>\n<p>\u0645\u062c\u0645\u0648\u0639\u0629 \u062c\u064a\u062f\u0629 \u0644\u0644\u0627\u0633\u062a\u062e\u062f\u0627\u0645 \u0641\u064a \u0635\u0627\u0644\u0648\u0646\u0627\u062a \u062a\u0635\u0641\u064a\u0641 \u0627\u0644\u0634\u0639\u0631 \u0648\u0627\u0644\u0627\u0633\u062a\u062e\u062f\u0627\u0645 \u0627\u0644\u0634\u062e\u0635\u064a \u0627\u0644\u0645\u0646\u0632\u0644\u064a\u060c \u0648\u0647\u064a \u0625\u0643\u0633\u0633\u0648\u0627\u0631\u0627\u062a \u0636\u0631\u0648\u0631\u064a\u0629 \u0644\u0635\u0628\u063a \u0627\u0644\u0634\u0639\u0631 \u0628\u0646\u0641\u0633\u0643. \u062a\u0633\u0627\u0639\u062f\u0643 \u0645\u062c\u0645\u0648\u0639\u0629 \u0635\u0628\u063a \u0627\u0644\u0634\u0639\u0631 \u0647\u0630\u0647 \u0639\u0644\u0649 \u062a\u062d\u0642\u064a\u0642 \u062a\u062c\u0631\u0628\u0629 \u0635\u0628\u063a \u0634\u0639\u0631 \u062e\u0627\u0644\u064a\u0629 \u0645\u0646 \u0627\u0644\u0641\u0648\u0636\u0649 \u0648\u0627\u0644\u0645\u062a\u0627\u0639\u0628. \u0645\u0631\u064a\u062d\u0629 \u0648\u0633\u0647\u0644\u0629 \u0627\u0644\u0627\u0633\u062a\u062e\u062f\u0627\u0645 \u0628\u0627\u0644\u0646\u0633\u0628\u0629 \u0644\u0643\u0650 \u062f\u0648\u0646 \u0628\u0630\u0644 \u0627\u0644\u0643\u062b\u064a\u0631 \u0645\u0646 \u0627\u0644\u062c\u0647\u062f. \u0627\u062e\u062a\u0627\u0631\u064a \u0648\u0627\u062d\u062f\u0629 \u0644\u062a\u062c\u0639\u0644\u064a \u062d\u064a\u0627\u062a\u0643 \u0645\u0645\u062a\u0639\u0629 \u0648\u062c\u0645\u064a\u0644\u0629.<\/p>\n<\/div>\n<p>&nbsp;<\/p>\n<p><span class=\"a-text-bold\">\u0627\u0644\u0645\u064a\u0632\u0629<\/span><\/p>\n<p>- \u0627\u0644\u0644\u0648\u0646: \u0623\u0633\u0648\u062f.<br \/>\n- \u0627\u0644\u062e\u0627\u0645\u0629: \u0628\u0644\u0627\u0633\u062a\u064a\u0643.<br \/>\n- \u0627\u0644\u0645\u0642\u0627\u0633: 20.5 \u00d7 7 \u00d7 7 \u00d7 5 \u0633\u0645.<br \/>\n- \u064a\u0634\u0645\u0644 \u0648\u0639\u0627\u0621 \u0648\u0641\u0631\u0634\u0627\u0629 \u0643\u0628\u064a\u0631\u0629 \u0648\u0641\u0631\u0634\u0627\u0629 \u0635\u063a\u064a\u0631\u0629 \u0648\u0645\u0634\u0637.<br \/>\n- \u0645\u062c\u0645\u0648\u0639\u0629 \u0645\u0646 \u0627\u0644\u0623\u062f\u0648\u0627\u062a \u0627\u0644\u0636\u0631\u0648\u0631\u064a\u0629 \u0648\u0627\u0644\u0639\u0645\u0644\u064a\u0629 \u0644\u0635\u0628\u063a \u0627\u0644\u0634\u0639\u0631 \u0628\u0643\u0644 \u0633\u0647\u0648\u0644\u0629.<br \/>\n- \u062c\u064a\u062f \u0644\u0635\u0627\u0644\u0648\u0646\u0627\u062a \u062a\u0635\u0641\u064a\u0641 \u0627\u0644\u0634\u0639\u0631 \u0627\u0644\u0627\u062d\u062a\u0631\u0627\u0641\u064a\u0629 \u0648\u0635\u0628\u063a \u0627\u0644\u0634\u0639\u0631 \u0641\u064a \u0627\u0644\u0645\u0646\u0632\u0644.<br \/>\n- \u064a\u062c\u0644\u0628 \u062a\u062c\u0631\u0628\u0629 \u062a\u0644\u0648\u064a\u0646 \u0634\u0639\u0631 \u062e\u0627\u0644\u064a\u0629 \u0645\u0646 \u0627\u0644\u0641\u0648\u0636\u0649 \u0648\u0627\u0644\u0645\u062a\u0627\u0639\u0628.<br \/>\n- \u0645\u0631\u064a\u062d\u0629 \u0648\u0633\u0647\u0644\u0629 \u0627\u0644\u0627\u0633\u062a\u062e\u062f\u0627\u0645 \u0628\u0627\u0644\u0646\u0633\u0628\u0629 \u0644\u0643 \u062f\u0648\u0646 \u0628\u0630\u0644 \u0627\u0644\u0643\u062b\u064a\u0631 \u0645\u0646 \u0627\u0644\u062c\u0647\u062f. \u0627\u062e\u062a\u0631 \u0648\u0627\u062d\u062f\u0629 \u0644\u062a\u062c\u0639\u0644 \u062d\u064a\u0627\u062a\u0643 \u0645\u0645\u062a\u0639\u0629 \u0648\u062c\u0645\u064a\u0644\u0629.<br \/>\n- \u0623\u062f\u0648\u0627\u062a \u0643\u0627\u0645\u0644\u0629 \u0644\u0639\u0645\u0644\u064a\u0627\u062a\u0643 \u0627\u0644\u064a\u062f\u0648\u064a\u0629.<br \/>\n- \u0646\u0635\u064a\u062d\u0629 \u062f\u0627\u0641\u0626\u0629: \u0639\u0632\u064a\u0632\u064a \u0627\u0644\u0645\u0634\u062a\u0631\u064a\u060c \u0646\u0638\u0631\u064b\u0627 \u0644\u062a\u0623\u062b\u064a\u0631 \u0627\u0644\u0625\u0636\u0627\u0621\u0629\u060c \u0648\u0633\u0637\u0648\u0639 \u0627\u0644\u0634\u0627\u0634\u0629\u060c \u0648\u0627\u0644\u0642\u064a\u0627\u0633 \u0627\u0644\u064a\u062f\u0648\u064a\u060c \u0648\u0645\u0627 \u0625\u0644\u0649 \u0630\u0644\u0643\u060c \u0642\u062f \u064a\u0643\u0648\u0646 \u0647\u0646\u0627\u0643 \u0628\u0639\u0636 \u0627\u0644\u0627\u062e\u062a\u0644\u0627\u0641\u0627\u062a \u0627\u0644\u0637\u0641\u064a\u0641\u0629 \u0641\u064a \u0627\u0644\u0644\u0648\u0646 \u0648\u0627\u0644\u062d\u062c\u0645 \u0628\u064a\u0646 \u0627\u0644\u0635\u0648\u0631\u0629 \u0648\u0627\u0644\u0639\u0646\u0635\u0631 \u0627\u0644\u0641\u0639\u0644\u064a. \u0622\u0645\u0644 \u0645\u062e\u0644\u0635\u064b\u0627 \u0623\u0646 \u062a\u062a\u0641\u0647\u0645 \u0630\u0644\u0643! \u0634\u0643\u0631\u064b\u0627 \u0644\u0643!<br \/>\n<span class=\"a-text-bold\">\u062a\u062a\u0636\u0645\u0646 \u0627\u0644\u062d\u0632\u0645\u0629<\/span><\/p>\n<p>&nbsp;<\/p>\n<div id=\"featurebullets_feature_div\" class=\"celwidget\" data-feature-name=\"featurebullets\" data-csa-c-type=\"widget\" data-csa-c-content-id=\"featurebullets\" data-csa-c-slot-id=\"featurebullets_feature_div\" data-csa-c-asin=\"B07WNLZXVW\" data-csa-c-is-in-initial-active-row=\"false\" data-csa-c-id=\"xisdwy-mchlfh-mnqos3-ypm615\" data-cel-widget=\"featurebullets_feature_div\">\n<div id=\"feature-bullets\" class=\"a-section a-spacing-medium a-spacing-top-small\">\n<h1 class=\"a-size-base-plus a-text-bold\">\u062d\u0648\u0644 \u0647\u0630\u0647 \u0627\u0644\u0645\u0627\u062f\u0629<\/h1>\n<ul class=\"a-unordered-list a-vertical a-spacing-mini\">\n<li class=\"a-spacing-mini\"><span class=\"a-list-item\">\u0645\u062c\u0645\u0648\u0639\u0629 \u0645\u0646 \u0627\u0644\u0623\u062f\u0648\u0627\u062a \u0627\u0644\u0636\u0631\u0648\u0631\u064a\u0629 \u0648\u0627\u0644\u0639\u0645\u0644\u064a\u0629 \u0644\u0635\u0628\u063a \u0627\u0644\u0634\u0639\u0631 \u0628\u0643\u0644 \u0633\u0647\u0648\u0644\u0629.<\/span><\/li>\n<li class=\"a-spacing-mini\"><span class=\"a-list-item\">\u062c\u064a\u062f \u0644\u0635\u0627\u0644\u0648\u0646\u0627\u062a \u062a\u0635\u0641\u064a\u0641 \u0627\u0644\u0634\u0639\u0631 \u0627\u0644\u0627\u062d\u062a\u0631\u0627\u0641\u064a\u0629 \u0648\u0635\u0628\u063a \u0627\u0644\u0634\u0639\u0631 \u0641\u064a \u0627\u0644\u0645\u0646\u0632\u0644.<\/span><\/li>\n<li class=\"a-spacing-mini\"><span class=\"a-list-item\">\u0637\u0642\u0645 \u0641\u0631\u0634\u0627\u0629 \u0648\u0648\u0639\u0627\u0621 \u0635\u0628\u063a \u0627\u0644\u0634\u0639\u0631: \u0648\u0639\u0627\u0621 \u062e\u0644\u0637 \u0635\u0628\u063a\u0629 \u0627\u0644\u0634\u0639\u0631 \u0648\u0645\u062c\u0645\u0648\u0639\u0629 \u0641\u0631\u0634\u0627\u0629 \u0627\u0644\u062a\u0637\u0628\u064a\u0642.<\/span><\/li>\n<li class=\"a-spacing-mini\"><span class=\"a-list-item\">\u0645\u0631\u064a\u062d\u0629 \u0648\u0633\u0647\u0644\u0629 \u0627\u0644\u0627\u0633\u062a\u062e\u062f\u0627\u0645 \u0628\u0627\u0644\u0646\u0633\u0628\u0629 \u0644\u0643 \u062f\u0648\u0646 \u0628\u0630\u0644 \u0627\u0644\u0643\u062b\u064a\u0631 \u0645\u0646 \u0627\u0644\u062c\u0647\u062f. \u0627\u062e\u062a\u0631 \u0648\u0627\u062d\u062f\u0629 \u0644\u062a\u062c\u0639\u0644 \u062d\u064a\u0627\u062a\u0643 \u0645\u0645\u062a\u0639\u0629 \u0648\u062c\u0645\u064a\u0644\u0629.<\/span><\/li>\n<li class=\"a-spacing-mini\"><span class=\"a-list-item\">\u0623\u062f\u0648\u0627\u062a \u0643\u0627\u0645\u0644\u0629 \u0644\u0639\u0645\u0644\u064a\u0627\u062a\u0643 \u0627\u0644\u064a\u062f\u0648\u064a\u0629.<\/span><\/li>\n<\/ul>\n<\/div>\n<\/div>\n<div id=\"provenanceCertifications_feature_div\" class=\"celwidget\" data-feature-name=\"provenanceCertifications\" data-csa-c-type=\"widget\" data-csa-c-content-id=\"provenanceCertifications\" data-csa-c-slot-id=\"provenanceCertifications_feature_div\" data-csa-c-asin=\"B07WNLZXVW\" data-csa-c-is-in-initial-active-row=\"false\" data-csa-c-id=\"usvkhk-80dyhw-uv4qth-gxhqht\" data-cel-widget=\"provenanceCertifications_feature_div\"><\/div>\n<div id=\"handmadeArtisanCard_feature_div\" class=\"celwidget\" data-feature-name=\"handmadeArtisanCard\" data-csa-c-type=\"widget\" data-csa-c-content-id=\"handmadeArtisanCard\" data-csa-c-slot-id=\"handmadeArtisanCard_feature_div\" data-csa-c-asin=\"B07WNLZXVW\" data-csa-c-is-in-initial-active-row=\"false\" data-csa-c-id=\"ym2cm4-1zisnh-t21d0l-9nccd6\" data-cel-widget=\"handmadeArtisanCard_feature_div\"><\/div>\n<div id=\"globalStoreInfoBullets_feature_div\" class=\"celwidget\" data-feature-name=\"globalStoreInfoBullets\" data-csa-c-type=\"widget\" data-csa-c-content-id=\"globalStoreInfoBullets\" data-csa-c-slot-id=\"globalStoreInfoBullets_feature_div\" data-csa-c-asin=\"B07WNLZXVW\" data-csa-c-is-in-initial-active-row=\"false\" data-csa-c-id=\"dkje9i-3m50ht-7pkc6r-tj92bd\" data-cel-widget=\"globalStoreInfoBullets_feature_div\"><\/div>\n<div id=\"HLCXComparisonJumplink_feature_div\"><\/div>\n<div id=\"addOnItem_feature_div\" class=\"celwidget\" data-feature-name=\"addOnItem\" data-csa-c-type=\"widget\" data-csa-c-content-id=\"addOnItem\" data-csa-c-slot-id=\"addOnItem_feature_div\" data-csa-c-asin=\"B07WNLZXVW\" data-csa-c-is-in-initial-active-row=\"false\" data-csa-c-id=\"oi69n7-8qsehp-ojkzwg-nbsg\" data-cel-widget=\"addOnItem_feature_div\"><\/div>\n<div id=\"giftcard-holiday-availability-messaging_feature_div\" class=\"celwidget\" data-feature-name=\"giftCardHolidayAvailabilityMessaging\" data-csa-c-type=\"widget\" data-csa-c-content-id=\"giftCardHolidayAvailabilityMessaging\" data-csa-c-slot-id=\"giftcard-holiday-availability-messaging_feature_div\" data-csa-c-asin=\"B07WNLZXVW\" data-csa-c-is-in-initial-active-row=\"false\" data-csa-c-id=\"un95d7-ulyhhb-b7iqmo-pjh25w\" data-cel-widget=\"giftcard-holiday-availability-messaging_feature_div\"><\/div>\n<div id=\"olp_feature_div\" class=\"celwidget\" data-feature-name=\"olp\" data-csa-c-type=\"widget\" data-csa-c-content-id=\"olp\" data-csa-c-slot-id=\"olp_feature_div\" data-csa-c-asin=\"B07WNLZXVW\" data-csa-c-is-in-initial-active-row=\"false\" data-csa-c-id=\"gh9t3z-87quq3-20ec05-czssiy\" data-cel-widget=\"olp_feature_div\">\n<div id=\"all-offers-display\" class=\"a-section\"><\/div>\n<\/div>\n<div id=\"buyingOptionNostosBadge_feature_div\" class=\"celwidget\" data-feature-name=\"buyingOptionNostosBadge\" data-csa-c-type=\"widget\" data-csa-c-content-id=\"buyingOptionNostosBadge\" data-csa-c-slot-id=\"buyingOptionNostosBadge_feature_div\" data-csa-c-asin=\"B07WNLZXVW\" data-csa-c-is-in-initial-active-row=\"false\" data-csa-c-id=\"ncgum5-hmuie-fz3dpi-bszorp\" data-cel-widget=\"buyingOptionNostosBadge_feature_div\"><\/div>\n<div id=\"tellAmazon_feature_div\" class=\"celwidget\" data-feature-name=\"tellAmazon\" data-csa-c-type=\"widget\" data-csa-c-content-id=\"tellAmazon\" data-csa-c-slot-id=\"tellAmazon_feature_div\" data-csa-c-asin=\"B07WNLZXVW\" data-csa-c-is-in-initial-active-row=\"false\" data-csa-c-id=\"on5bx5-cnmvr4-6tsuna-c39qys\" data-cel-widget=\"tellAmazon_feature_div\">\n<div class=\"celwidget c-f\" data-csa-op-log-render=\"\" data-csa-c-content-id=\"DsUnknown\" data-csa-c-slot-id=\"DsUnknown-1\" data-csa-c-type=\"widget\" data-csa-c-painter=\"tell-amazon-desktop-cards\" data-csa-c-id=\"2ql1th-7f7ma8-1o5s5x-bwrt05\" data-cel-widget=\"tell-amazon-desktop_DetailPage_0\">\n<div id=\"CardInstanceOONrwhvKKUBSzCLmx6m3HA\" data-card-metrics-id=\"tell-amazon-desktop_DetailPage_0\" data-acp-tracking=\"{}\" data-mix-claimed=\"true\">\n<div class=\"_tell-amazon-desktop_style_tell_amazon_div__1YDZk\" data-asin=\"B07WNLZXVW\" data-marketplace=\"ATVPDKIKX0DER\" data-logged-in=\"false\"><a class=\"a-link-normal _tell-amazon-desktop_style_tell_amazon_link__1KW5z\" href=\"https:\/\/www.amazon.com\/Beaupretty-Color-Coloring-Professional-Tinting\/dp\/B07WNLZXVW#\" data-mix-operations=\"openTellAmazonModal\"><i class=\"a-icon a-icon-share-sms a-icon-mini\" aria-hidden=\"true\"><\/i>\u00a0\u00a0 \u0627\u0644\u0625\u0628\u0644\u0627\u063a \u0639\u0646 \u0645\u0634\u0643\u0644\u0629 \u0641\u064a \u0647\u0630\u0627 \u0627\u0644\u0645\u0646\u062a\u062c \u0623\u0648 \u0627\u0644\u0628\u0627\u0626\u0639<\/a><\/div>\n<\/div>\n<\/div>\n<\/div>","protected":false},"excerpt":{"rendered":"<p>Product Description Description Good set for salon hairdressing use and home personal use, necessary accessories for DIY hair dye. This<\/p>","protected":false},"featured_media":2913,"comment_status":"open","ping_status":"closed","template":"","meta":{"om_disable_all_campaigns":false,"_monsterinsights_skip_tracking":false,"_monsterinsights_sitenote_active":false,"_monsterinsights_sitenote_note":"","_monsterinsights_sitenote_category":0},"product_brand":[],"product_cat":[77,148],"product_tag":[],"class_list":{"0":"post-2912","1":"product","2":"type-product","3":"status-publish","4":"has-post-thumbnail","6":"product_cat-hair","7":"product_cat-hair-accessories","9":"first","10":"instock","11":"shipping-taxable","12":"purchasable","13":"product-type-simple"},"aioseo_notices":[],"wcpa_form_fields":null,"_links":{"self":[{"href":"https:\/\/dailyboutiquekwt.com\/ar\/wp-json\/wp\/v2\/product\/2912","targetHints":{"allow":["GET"]}}],"collection":[{"href":"https:\/\/dailyboutiquekwt.com\/ar\/wp-json\/wp\/v2\/product"}],"about":[{"href":"https:\/\/dailyboutiquekwt.com\/ar\/wp-json\/wp\/v2\/types\/product"}],"replies":[{"embeddable":true,"href":"https:\/\/dailyboutiquekwt.com\/ar\/wp-json\/wp\/v2\/comments?post=2912"}],"version-history":[{"count":1,"href":"https:\/\/dailyboutiquekwt.com\/ar\/wp-json\/wp\/v2\/product\/2912\/revisions"}],"predecessor-version":[{"id":2914,"href":"https:\/\/dailyboutiquekwt.com\/ar\/wp-json\/wp\/v2\/product\/2912\/revisions\/2914"}],"wp:featuredmedia":[{"embeddable":true,"href":"https:\/\/dailyboutiquekwt.com\/ar\/wp-json\/wp\/v2\/media\/2913"}],"wp:attachment":[{"href":"https:\/\/dailyboutiquekwt.com\/ar\/wp-json\/wp\/v2\/media?parent=2912"}],"wp:term":[{"taxonomy":"product_brand","embeddable":true,"href":"https:\/\/dailyboutiquekwt.com\/ar\/wp-json\/wp\/v2\/product_brand?post=2912"},{"taxonomy":"product_cat","embeddable":true,"href":"https:\/\/dailyboutiquekwt.com\/ar\/wp-json\/wp\/v2\/product_cat?post=2912"},{"taxonomy":"product_tag","embeddable":true,"href":"https:\/\/dailyboutiquekwt.com\/ar\/wp-json\/wp\/v2\/product_tag?post=2912"}],"curies":[{"name":"\u062f\u0628\u0644\u064a\u0648 \u0628\u064a","href":"https:\/\/api.w.org\/{rel}","templated":true}]}}